{"id":1458,"date":"2022-06-09T16:51:57","date_gmt":"2022-06-09T14:51:57","guid":{"rendered":"https:\/\/deal-green.com\/%cf%87%cf%81%ce%ae%cf%83%cf%84%ce%b7%cf%82\/"},"modified":"2022-06-09T16:51:57","modified_gmt":"2022-06-09T14:51:57","slug":"%cf%87%cf%81%ce%ae%cf%83%cf%84%ce%b7%cf%82","status":"publish","type":"page","link":"https:\/\/deal-green.com\/el\/%cf%87%cf%81%ce%ae%cf%83%cf%84%ce%b7%cf%82\/","title":{"rendered":"\u03c7\u03c1\u03ae\u03c3\u03c4\u03b7\u03c2"},"content":{"rendered":"\t\t<div data-elementor-type=\"wp-page\" data-elementor-id=\"1458\" class=\"elementor elementor-1458 elementor-394\" data-elementor-post-type=\"page\">\n\t\t\t\t\t\t<section class=\"elementor-section elementor-top-section elementor-element elementor-element-19de7f6 elementor-section-boxed elementor-section-height-default elementor-section-height-default\" data-id=\"19de7f6\" data-element_type=\"section\">\n\t\t\t\t\t\t<div class=\"elementor-container elementor-column-gap-default\">\n\t\t\t\t\t<div class=\"elementor-column elementor-col-100 elementor-top-column elementor-element elementor-element-4e6c5fa\" data-id=\"4e6c5fa\" data-element_type=\"column\">\n\t\t\t<div class=\"elementor-widget-wrap elementor-element-populated\">\n\t\t\t\t\t\t\t<\/div>\n\t\t<\/div>\n\t\t\t\t\t<\/div>\n\t\t<\/section>\n\t\t\t\t<section class=\"elementor-section elementor-top-section elementor-element elementor-element-de54f60 elementor-section-boxed elementor-section-height-default elementor-section-height-default\" data-id=\"de54f60\" data-element_type=\"section\">\n\t\t\t\t\t\t<div class=\"elementor-container elementor-column-gap-default\">\n\t\t\t\t\t<div class=\"elementor-column elementor-col-100 elementor-top-column elementor-element elementor-element-e90f7e4\" data-id=\"e90f7e4\" data-element_type=\"column\">\n\t\t\t<div class=\"elementor-widget-wrap\">\n\t\t\t\t\t\t\t<\/div>\n\t\t<\/div>\n\t\t\t\t\t<\/div>\n\t\t<\/section>\n\t\t\t\t<\/div>\n\t\t","protected":false},"excerpt":{"rendered":"<p>Neues Mitglied anlegen Username Password Confirm Password Email First Name Last Name Nickname Display Name Firmenname Ansprechpartner Stra\u00dfe und Hausnummer PLZ Ort Stra\u00dfe, Hausnummer, PLZ, Ort, Land Telefonnummer Handynummer E-Mail-Adresse Firmenwebsite Beschreibung Betrieb Dateien hinzuf\u00fcgen Visuell Text Bildergalerie Zur Galerie hinzuf\u00fcgen MassenverarbeitungSortiere nach Upload-DatumSortiere nach \u00c4nderungs-DatumSortiere nach TitelAktuelle Sortierung umkehren Schlie\u00dfen Aktualisieren Logo Betrieb Kein [&hellip;]<\/p>\n","protected":false},"author":2,"featured_media":0,"parent":0,"menu_order":0,"comment_status":"closed","ping_status":"closed","template":"","meta":{"_acf_changed":false,"footnotes":""},"class_list":["post-1458","page","type-page","status-publish","hentry"],"acf":[],"_links":{"self":[{"href":"https:\/\/deal-green.com\/el\/wp-json\/wp\/v2\/pages\/1458","targetHints":{"allow":["GET"]}}],"collection":[{"href":"https:\/\/deal-green.com\/el\/wp-json\/wp\/v2\/pages"}],"about":[{"href":"https:\/\/deal-green.com\/el\/wp-json\/wp\/v2\/types\/page"}],"author":[{"embeddable":true,"href":"https:\/\/deal-green.com\/el\/wp-json\/wp\/v2\/users\/2"}],"replies":[{"embeddable":true,"href":"https:\/\/deal-green.com\/el\/wp-json\/wp\/v2\/comments?post=1458"}],"version-history":[{"count":1,"href":"https:\/\/deal-green.com\/el\/wp-json\/wp\/v2\/pages\/1458\/revisions"}],"predecessor-version":[{"id":1459,"href":"https:\/\/deal-green.com\/el\/wp-json\/wp\/v2\/pages\/1458\/revisions\/1459"}],"wp:attachment":[{"href":"https:\/\/deal-green.com\/el\/wp-json\/wp\/v2\/media?parent=1458"}],"curies":[{"name":"wp","href":"https:\/\/api.w.org\/{rel}","templated":true}]}}